{"id":34,"date":"2022-02-08T11:29:40","date_gmt":"2022-02-08T11:29:40","guid":{"rendered":"https:\/\/www.sofidium.com\/?page_id=34"},"modified":"2022-02-08T13:15:19","modified_gmt":"2022-02-08T13:15:19","slug":"company","status":"publish","type":"page","link":"https:\/\/www.sofidium.com\/index.php\/home\/company\/","title":{"rendered":"Sofidium"},"content":{"rendered":"\n<div class=\"wp-block-group\"><div class=\"wp-block-group__inner-container is-layout-flow wp-block-group-is-layout-flow\">\n<p>Sofidium Oy on tietotekniikan palveluihin erikoistunut suomalainen yritys, jonka asiantuntijoilla on laaja-alainen kokemus tietotekniikan hankkeista. <\/p>\n\n\n\n<p>Keskeist\u00e4 on se, miten liiketoimintaa voidaan tehostaa muuttuvien tarpeiden ja vaatimusten keskell\u00e4 tietotekniikan ratkaisuja kehitt\u00e4m\u00e4ll\u00e4.<\/p>\n\n\n\n<ul class=\"wp-block-list\"><li>Tuodaan k\u00e4ytt\u00e4jien ja liiketoiminnan tarpeet keski\u00f6\u00f6n arvon tuottamisen tarkastelussa<\/li><li>Tehd\u00e4\u00e4n k\u00e4ytt\u00e4j\u00e4l\u00e4ht\u00f6isten palvelujen muotoilu tukemaan koko prosessia (End-to-End)<\/li><li>Luodaan edellytykset tiedon virtauksen parantaminen yrityksen sis\u00e4ll\u00e4 sek\u00e4 ulkoisten toimijoiden kanssa<\/li><li>K\u00e4ytet\u00e4\u00e4n ketter\u00e4ri\u00e4 kehitysmenetelmi\u00e4 (Agile development) varmistamaan tarpeiden toteutumisen nopealla rytmill\u00e4<\/li><\/ul>\n\n\n\n<p>Sofidium kytkee liiketoiminnan tavoitteet, ydinprosessit, avaintiedot ja tietoj\u00e4rjestelm\u00e4t toimivaksi kokonaisuudeksi muuttuvien vaatimusten ja tavoitteiden keskell\u00e4.<\/p>\n<\/div><\/div>\n\n\n\n<p class=\"has-white-color has-text-color\"><\/p>\n\n\n\n<p>Yrityksen kotipaikka on Espoo.<\/p>\n\n\n\n<p>Y-tunnus 3262417-6<\/p>\n\n\n\n<div class=\"wp-block-group\"><div class=\"wp-block-group__inner-container is-layout-flow wp-block-group-is-layout-flow\">\n<p class=\"has-black-color has-text-color\"><\/p>\n<\/div><\/div>\n\n\n\n<figure class=\"wp-block-gallery has-nested-images columns-default is-cropped wp-block-gallery-1 is-layout-flex wp-block-gallery-is-layout-flex\"><\/figure>\n\n\n\n<p><\/p>\n","protected":false},"excerpt":{"rendered":"<p>Sofidium Oy on tietotekniikan palveluihin erikoistunut suomalainen yritys, jonka asiantuntijoilla on laaja-alainen kokemus tietotekniikan hankkeista. Keskeist\u00e4 on se, miten liiketoimintaa voidaan tehostaa muuttuvien tarpeiden ja vaatimusten keskell\u00e4 tietotekniikan ratkaisuja kehitt\u00e4m\u00e4ll\u00e4. Tuodaan k\u00e4ytt\u00e4jien ja liiketoiminnan tarpeet keski\u00f6\u00f6n arvon tuottamisen tarkastelussa Tehd\u00e4\u00e4n k\u00e4ytt\u00e4j\u00e4l\u00e4ht\u00f6isten palvelujen muotoilu tukemaan koko prosessia (End-to-End) Luodaan edellytykset tiedon virtauksen parantaminen yrityksen sis\u00e4ll\u00e4 sek\u00e4 [&hellip;]<\/p>\n","protected":false},"author":1,"featured_media":58,"parent":7,"menu_order":0,"comment_status":"closed","ping_status":"closed","template":"page-templates\/pagebuilder.php","meta":{"footnotes":""},"class_list":["post-34","page","type-page","status-publish","has-post-thumbnail","hentry"],"_links":{"self":[{"href":"https:\/\/www.sofidium.com\/index.php\/wp-json\/wp\/v2\/pages\/34","targetHints":{"allow":["GET"]}}],"collection":[{"href":"https:\/\/www.sofidium.com\/index.php\/wp-json\/wp\/v2\/pages"}],"about":[{"href":"https:\/\/www.sofidium.com\/index.php\/wp-json\/wp\/v2\/types\/page"}],"author":[{"embeddable":true,"href":"https:\/\/www.sofidium.com\/index.php\/wp-json\/wp\/v2\/users\/1"}],"replies":[{"embeddable":true,"href":"https:\/\/www.sofidium.com\/index.php\/wp-json\/wp\/v2\/comments?post=34"}],"version-history":[{"count":20,"href":"https:\/\/www.sofidium.com\/index.php\/wp-json\/wp\/v2\/pages\/34\/revisions"}],"predecessor-version":[{"id":77,"href":"https:\/\/www.sofidium.com\/index.php\/wp-json\/wp\/v2\/pages\/34\/revisions\/77"}],"up":[{"embeddable":true,"href":"https:\/\/www.sofidium.com\/index.php\/wp-json\/wp\/v2\/pages\/7"}],"wp:featuredmedia":[{"embeddable":true,"href":"https:\/\/www.sofidium.com\/index.php\/wp-json\/wp\/v2\/media\/58"}],"wp:attachment":[{"href":"https:\/\/www.sofidium.com\/index.php\/wp-json\/wp\/v2\/media?parent=34"}],"curies":[{"name":"wp","href":"https:\/\/api.w.org\/{rel}","templated":true}]}}