{"id":2,"date":"2022-02-08T09:19:35","date_gmt":"2022-02-08T09:19:35","guid":{"rendered":"https:\/\/www.sofidium.com\/?page_id=2"},"modified":"2022-02-17T17:21:32","modified_gmt":"2022-02-17T17:21:32","slug":"tietovirrat-hallintaan","status":"publish","type":"page","link":"https:\/\/www.sofidium.com\/index.php\/home\/tietovirrat-hallintaan\/","title":{"rendered":"Tietovirrat hallintaan"},"content":{"rendered":"\n<p>On t\u00e4rke\u00e4\u00e4 ymm\u00e4rt\u00e4\u00e4, mik\u00e4 on tiedonhallinnan tavoitetila suhteessa nykytilanteeseen: mik\u00e4 toimii hyvin ja miss\u00e4 on haasteita.<\/p>\n\n\n\n<p>Liitetoiminnan tavoitteet priorisoimalla voidaan rakentaa tiekartta siit\u00e4, millaisin kehitysaskelin tiedon virtausta tulee kehitt\u00e4\u00e4.<\/p>\n\n\n\n<p>Tavoitetilan prosessit tulee \u201dm\u00e4p\u00e4t\u00e4\u201d yrityksenne tietoj\u00e4rjestelmien toiminnallisuuteen ja arvioida mahdolliset puutteet.<\/p>\n\n\n\n<div class=\"wp-block-columns is-layout-flex wp-container-core-columns-is-layout-9d6595d7 wp-block-columns-is-layout-flex\">\n<div class=\"wp-block-column is-layout-flow wp-block-column-is-layout-flow\" style=\"flex-basis:100%\">\n<p>Tiedon tuottajat ja tiedon hy\u00f6dynt\u00e4j\u00e4t tulee m\u00e4\u00e4ritell\u00e4 vastaamaan liiketoiminnan vaatimuksia.<\/p>\n<\/div>\n<\/div>\n\n\n\n<p><\/p>\n","protected":false},"excerpt":{"rendered":"<p>On t\u00e4rke\u00e4\u00e4 ymm\u00e4rt\u00e4\u00e4, mik\u00e4 on tiedonhallinnan tavoitetila suhteessa nykytilanteeseen: mik\u00e4 toimii hyvin ja miss\u00e4 on haasteita. Liitetoiminnan tavoitteet priorisoimalla voidaan rakentaa tiekartta siit\u00e4, millaisin kehitysaskelin tiedon virtausta tulee kehitt\u00e4\u00e4. Tavoitetilan prosessit tulee \u201dm\u00e4p\u00e4t\u00e4\u201d yrityksenne tietoj\u00e4rjestelmien toiminnallisuuteen ja arvioida mahdolliset puutteet. Tiedon tuottajat ja tiedon hy\u00f6dynt\u00e4j\u00e4t tulee m\u00e4\u00e4ritell\u00e4 vastaamaan liiketoiminnan vaatimuksia.<\/p>\n","protected":false},"author":1,"featured_media":0,"parent":7,"menu_order":0,"comment_status":"closed","ping_status":"open","template":"","meta":{"footnotes":""},"class_list":["post-2","page","type-page","status-publish","hentry"],"_links":{"self":[{"href":"https:\/\/www.sofidium.com\/index.php\/wp-json\/wp\/v2\/pages\/2","targetHints":{"allow":["GET"]}}],"collection":[{"href":"https:\/\/www.sofidium.com\/index.php\/wp-json\/wp\/v2\/pages"}],"about":[{"href":"https:\/\/www.sofidium.com\/index.php\/wp-json\/wp\/v2\/types\/page"}],"author":[{"embeddable":true,"href":"https:\/\/www.sofidium.com\/index.php\/wp-json\/wp\/v2\/users\/1"}],"replies":[{"embeddable":true,"href":"https:\/\/www.sofidium.com\/index.php\/wp-json\/wp\/v2\/comments?post=2"}],"version-history":[{"count":3,"href":"https:\/\/www.sofidium.com\/index.php\/wp-json\/wp\/v2\/pages\/2\/revisions"}],"predecessor-version":[{"id":106,"href":"https:\/\/www.sofidium.com\/index.php\/wp-json\/wp\/v2\/pages\/2\/revisions\/106"}],"up":[{"embeddable":true,"href":"https:\/\/www.sofidium.com\/index.php\/wp-json\/wp\/v2\/pages\/7"}],"wp:attachment":[{"href":"https:\/\/www.sofidium.com\/index.php\/wp-json\/wp\/v2\/media?parent=2"}],"curies":[{"name":"wp","href":"https:\/\/api.w.org\/{rel}","templated":true}]}}