{"id":126,"date":"2022-02-17T16:51:32","date_gmt":"2022-02-17T16:51:32","guid":{"rendered":"https:\/\/www.sofidium.com\/?page_id=126"},"modified":"2022-02-17T17:09:54","modified_gmt":"2022-02-17T17:09:54","slug":"kytketaan-ulkoiset-toimijat-mukaan","status":"publish","type":"page","link":"https:\/\/www.sofidium.com\/index.php\/kytketaan-ulkoiset-toimijat-mukaan\/","title":{"rendered":"Kytket\u00e4\u00e4n ulkoiset toimijat mukaan"},"content":{"rendered":"\n<p>Oleellista on tunnistaa se miss\u00e4 kohtaa arvoverkostoa yrityksenne sijaitsee ja kenen kanssa tiedon jakaminen on merkitt\u00e4v\u00e4\u00e4.<\/p>\n\n\n\n<p>Tietoturvasta ei tule tinki\u00e4: on pyritt\u00e4v\u00e4 2-vaiheisiin tunnistautumisiin ulkoisten toimijoiden kytkeytyess\u00e4 yrityksenne portaaleihin.<\/p>\n\n\n\n<p>T\u00e4rke\u00e4\u00e4 on katsoa tiedon jakamisen prosessia kokonaisuutena ja ulkoisten roolien m\u00e4\u00e4rittely\u00e4 t\u00e4h\u00e4n kokonaisuuteen.<\/p>\n\n\n\n<p>Arvoverkossa pit\u00e4\u00e4 olla selke\u00e4t s\u00e4\u00e4nn\u00f6t toimintatavoista ja mm. tekij\u00e4noikeuteen liittyvist\u00e4 asioista.<\/p>\n\n\n\n<p>Mit\u00e4 v\u00e4hemm\u00e4n tiedon konversioita tarvitaan ulkoisten toimijoiden kanssa sen parempi.<\/p>\n\n\n\n<p><\/p>\n","protected":false},"excerpt":{"rendered":"<p>Oleellista on tunnistaa se miss\u00e4 kohtaa arvoverkostoa yrityksenne sijaitsee ja kenen kanssa tiedon jakaminen on merkitt\u00e4v\u00e4\u00e4. Tietoturvasta ei tule tinki\u00e4: on pyritt\u00e4v\u00e4 2-vaiheisiin tunnistautumisiin ulkoisten toimijoiden kytkeytyess\u00e4 yrityksenne portaaleihin. T\u00e4rke\u00e4\u00e4 on katsoa tiedon jakamisen prosessia kokonaisuutena ja ulkoisten roolien m\u00e4\u00e4rittely\u00e4 t\u00e4h\u00e4n kokonaisuuteen. Arvoverkossa pit\u00e4\u00e4 olla selke\u00e4t s\u00e4\u00e4nn\u00f6t toimintatavoista ja mm. tekij\u00e4noikeuteen liittyvist\u00e4 asioista. Mit\u00e4 v\u00e4hemm\u00e4n [&hellip;]<\/p>\n","protected":false},"author":1,"featured_media":0,"parent":0,"menu_order":0,"comment_status":"closed","ping_status":"closed","template":"","meta":{"footnotes":""},"class_list":["post-126","page","type-page","status-publish","hentry"],"_links":{"self":[{"href":"https:\/\/www.sofidium.com\/index.php\/wp-json\/wp\/v2\/pages\/126","targetHints":{"allow":["GET"]}}],"collection":[{"href":"https:\/\/www.sofidium.com\/index.php\/wp-json\/wp\/v2\/pages"}],"about":[{"href":"https:\/\/www.sofidium.com\/index.php\/wp-json\/wp\/v2\/types\/page"}],"author":[{"embeddable":true,"href":"https:\/\/www.sofidium.com\/index.php\/wp-json\/wp\/v2\/users\/1"}],"replies":[{"embeddable":true,"href":"https:\/\/www.sofidium.com\/index.php\/wp-json\/wp\/v2\/comments?post=126"}],"version-history":[{"count":2,"href":"https:\/\/www.sofidium.com\/index.php\/wp-json\/wp\/v2\/pages\/126\/revisions"}],"predecessor-version":[{"id":130,"href":"https:\/\/www.sofidium.com\/index.php\/wp-json\/wp\/v2\/pages\/126\/revisions\/130"}],"wp:attachment":[{"href":"https:\/\/www.sofidium.com\/index.php\/wp-json\/wp\/v2\/media?parent=126"}],"curies":[{"name":"wp","href":"https:\/\/api.w.org\/{rel}","templated":true}]}}